{"id":1360,"date":"2026-02-09T20:14:35","date_gmt":"2026-02-09T19:14:35","guid":{"rendered":"https:\/\/www.spd-trier-land.de\/?page_id=1360"},"modified":"2026-02-10T23:18:10","modified_gmt":"2026-02-10T22:18:10","slug":"dorfgespraeche","status":"publish","type":"page","link":"https:\/\/www.spd-trier-land.de\/?page_id=1360","title":{"rendered":"Dorfgespr\u00e4che"},"content":{"rendered":"<h1 style=\"text-align: center;\">Im Dialog mit Euch: SPD-Dorfgespr\u00e4che<\/h1>\n<p style=\"text-align: center;\">\n<p style=\"text-align: center;\"><strong>Damit Transparenz und Dialog keine leeren Versprechungen bleiben, wollen wir mit Euch im Austausch bleiben.<\/strong><\/p>\n<p style=\"text-align: center;\"><strong>Gerne k\u00f6nnt Ihr jeden von uns auf der Stra\u00dfe ansprechen und nach der SPD Welschbillig und unserer Arbeit im Gemeinderat fragen, wir stehen Euch gerne Rede und Antwort!<\/strong><\/p>\n<p style=\"text-align: center;\"><strong>Dar\u00fcber hinaus veranstalten wir in unregelm\u00e4\u00dfigen Abst\u00e4nden unsere eigene Gespr\u00e4chsreihe, mal in der KMS, mal vorm B\u00e4cker, mal einfach so auf der Stra\u00dfe. Dabei wollen wir mit Euch ins Gespr\u00e4ch kommen und Eure W\u00fcnsche, Anliegen und auch Kritik erfragen: Das alles wollen wir uns zu Herzen nehmen und im Gemeinderat und in den Aussch\u00fcssen zur Sprache bringen.<\/strong><\/p>\n","protected":false},"excerpt":{"rendered":"<p>Im Dialog mit Euch: SPD-Dorfgespr\u00e4che Damit Transparenz und Dialog keine leeren Versprechungen bleiben, wollen wir mit Euch im Austausch bleiben. Gerne k\u00f6nnt Ihr jeden von uns auf der Stra\u00dfe ansprechen und nach der SPD Welschbillig und unserer Arbeit im Gemeinderat fragen, wir stehen Euch gerne Rede und Antwort! Dar\u00fcber hinaus veranstalten wir in unregelm\u00e4\u00dfigen Abst\u00e4nden [&hellip;]<\/p>\n","protected":false},"author":7,"featured_media":0,"parent":0,"menu_order":0,"comment_status":"closed","ping_status":"closed","template":"","meta":{"_mc_calendar":[],"footnotes":""},"class_list":["post-1360","page","type-page","status-publish","hentry"],"_links":{"self":[{"href":"https:\/\/www.spd-trier-land.de\/index.php?rest_route=\/wp\/v2\/pages\/1360","targetHints":{"allow":["GET"]}}],"collection":[{"href":"https:\/\/www.spd-trier-land.de\/index.php?rest_route=\/wp\/v2\/pages"}],"about":[{"href":"https:\/\/www.spd-trier-land.de\/index.php?rest_route=\/wp\/v2\/types\/page"}],"author":[{"embeddable":true,"href":"https:\/\/www.spd-trier-land.de\/index.php?rest_route=\/wp\/v2\/users\/7"}],"replies":[{"embeddable":true,"href":"https:\/\/www.spd-trier-land.de\/index.php?rest_route=%2Fwp%2Fv2%2Fcomments&post=1360"}],"version-history":[{"count":3,"href":"https:\/\/www.spd-trier-land.de\/index.php?rest_route=\/wp\/v2\/pages\/1360\/revisions"}],"predecessor-version":[{"id":1427,"href":"https:\/\/www.spd-trier-land.de\/index.php?rest_route=\/wp\/v2\/pages\/1360\/revisions\/1427"}],"wp:attachment":[{"href":"https:\/\/www.spd-trier-land.de\/index.php?rest_route=%2Fwp%2Fv2%2Fmedia&parent=1360"}],"curies":[{"name":"wp","href":"https:\/\/api.w.org\/{rel}","templated":true}]}}